{"id":117,"date":"2015-07-18T09:24:53","date_gmt":"2015-07-18T09:24:53","guid":{"rendered":"https:\/\/cabinet-psihologie.eu\/?page_id=117"},"modified":"2026-02-18T13:28:52","modified_gmt":"2026-02-18T13:28:52","slug":"contact-cabinet-de-psihologie","status":"publish","type":"page","link":"https:\/\/psihologadelasilaghi.ro\/en\/contact-cabinet-de-psihologie\/","title":{"rendered":"Contact"},"content":{"rendered":"<div class=\"wpb-content-wrapper\"><div class=\"container-fluid\" ><div class=\"vc_row wpb_row vc_row-fluid vc_custom_1739756760281\"><div class=\"wpb_column vc_column_container vc_col-sm-12\"><div class=\"vc_column-inner\"><div class=\"wpb_wrapper\">\n\t\t\t\t<p class=\"rs-p-wp-fix\"><\/p>\n\t\t\t\t<sr7-module data-alias=\"Contact\" data-id=\"7\" id=\"SR7_7_1\" class=\"rs-ov-hidden\" data-version=\"6.7.20\">\n\t\t\t\t\t<sr7-adjuster><\/sr7-adjuster>\n\t\t\t\t\t<sr7-content>\n\t\t\t\t\t\t<sr7-slide id=\"SR7_7_1-18\" data-key=\"18\">\n\t\t\t\t\t\t\t<sr7-bg id=\"SR7_7_1-18-1\" class=\"sr7-layer\"><noscript><img decoding=\"async\" src=\"https:\/\/psihologadelasilaghi.ro\/wp-content\/uploads\/2025\/02\/contact.webp\" alt=\"Contact Cabinet de Psihologie Bucuresti\" title=\"contact\"><\/noscript><\/sr7-bg>\n\t\t\t\t\t\t<\/sr7-slide>\n\t\t\t\t\t\t<sr7-slide id=\"SR7_7_1-19\" data-key=\"19\">\n\t\t\t\t\t\t<\/sr7-slide>\n\t\t\t\t\t<\/sr7-content>\n\t\t\t\t\t<image_lists style=\"display:none\">\n\t\t\t\t\t\t<img data-src=\"\/\/psihologadelasilaghi.ro\/wp-content\/uploads\/2025\/02\/contact.webp\" data-libid=\"1215\" data-lib=\"medialibrary\" alt=\"Contact Cabinet de Psihologie Bucuresti\" title=\"contact\" width=\"0\" height=\"0\" data-dbsrc=\"Ly9wc2lob2xvZ2FkZWxhc2lsYWdoaS5yby93cC1jb250ZW50L3VwbG9hZHMvMjAyNS8wMi9jb250YWN0LndlYnA=\"\/>\n\t\t\t\t\t<\/image_lists>\n\t\t\t\t<\/sr7-module>\n\t\t\t\t<script>\n\t\t\t\t\tSR7.PMH ??={}; SR7.PMH[\"SR7_7_1\"] = {cn:0,state:false,fn: function() { if (_tpt!==undefined && _tpt.prepareModuleHeight !== undefined) {  _tpt.prepareModuleHeight({id:\"SR7_7_1\",el:[900,900,768,960,720],type:'standard',shdw:'0',gh:[900,900,743,565,349],gw:[1240,1240,1024,778,480],vpt:['100px'],size:{fullWidth:true, fullHeight:false},mh:'0',onh:0,onw:0,bg:{color:'{\"orig\":\"transparent\",\"type\":\"solid\",\"string\":\"transparent\"}'}});   SR7.PMH[\"SR7_7_1\"].state=true;} else if((SR7.PMH[\"SR7_7_1\"].cn++)<100)\tsetTimeout( SR7.PMH[\"SR7_7_1\"].fn,19);}};SR7.PMH[\"SR7_7_1\" ].fn();\n\t\t\t\t<\/script>\n\n\t<div class=\"wpb_raw_code wpb_raw_html wpb_content_element vc_custom_1771421334204\" >\n\t\t<div class=\"wpb_wrapper\">\n\t\t\t<div class=\"wp-gr rpi wpac\" data-id=\"1515\" data-layout=\"slider\" data-exec=\"false\" data-options='{&quot;text_size&quot;:&quot;&quot;,&quot;trans&quot;:{&quot;read more&quot;:&quot;read more&quot;}}'><svg xmlns=\"http:\/\/www.w3.org\/2000\/svg\" style=\"display:none!important\"><symbol id=\"grw-tripadvisor\" viewbox=\"0 0 713.496 713.496\"><g><circle fill=\"#34E0A1\" cx=\"356.749\" cy=\"356.748\" r=\"356.748\"\/><path d=\"M577.095,287.152l43.049-46.836h-95.465c-47.792-32.646-105.51-51.659-167.931-51.659   c-62.342,0-119.899,19.054-167.612,51.659H93.432l43.049,46.836c-26.387,24.075-42.929,58.754-42.929,97.259   c0,72.665,58.914,131.578,131.579,131.578c34.519,0,65.968-13.313,89.446-35.077l42.172,45.919l42.172-45.879   c23.478,21.764,54.887,35.037,89.406,35.037c72.665,0,131.658-58.913,131.658-131.578   C620.024,345.866,603.483,311.188,577.095,287.152z M225.17,473.458c-49.188,0-89.047-39.859-89.047-89.047   s39.86-89.048,89.047-89.048c49.187,0,89.047,39.86,89.047,89.048S274.357,473.458,225.17,473.458z M356.788,381.82   c0-58.595-42.61-108.898-98.853-130.383c30.413-12.716,63.776-19.771,98.813-19.771s68.439,7.055,98.853,19.771   C399.399,272.962,356.788,323.226,356.788,381.82z M488.367,473.458c-49.188,0-89.048-39.859-89.048-89.047   s39.86-89.048,89.048-89.048s89.047,39.86,89.047,89.048S537.554,473.458,488.367,473.458z M488.367,337.694   c-25.79,0-46.677,20.887-46.677,46.677c0,25.789,20.887,46.676,46.677,46.676c25.789,0,46.676-20.887,46.676-46.676   C535.042,358.621,514.156,337.694,488.367,337.694z M271.846,384.411c0,25.789-20.887,46.676-46.676,46.676   s-46.676-20.887-46.676-46.676c0-25.79,20.887-46.677,46.676-46.677C250.959,337.694,271.846,358.621,271.846,384.411z\"\/><\/g><\/symbol><symbol id=\"grw-google\" viewbox=\"0 0 512 512\"><g fill=\"none\" fill-rule=\"evenodd\"><path d=\"M482.56 261.36c0-16.73-1.5-32.83-4.29-48.27H256v91.29h127.01c-5.47 29.5-22.1 54.49-47.09 71.23v59.21h76.27c44.63-41.09 70.37-101.59 70.37-173.46z\" fill=\"#4285f4\"\/><path d=\"M256 492c63.72 0 117.14-21.13 156.19-57.18l-76.27-59.21c-21.13 14.16-48.17 22.53-79.92 22.53-61.47 0-113.49-41.51-132.05-97.3H45.1v61.15c38.83 77.13 118.64 130.01 210.9 130.01z\" fill=\"#34a853\"\/><path d=\"M123.95 300.84c-4.72-14.16-7.4-29.29-7.4-44.84s2.68-30.68 7.4-44.84V150.01H45.1C29.12 181.87 20 217.92 20 256c0 38.08 9.12 74.13 25.1 105.99l78.85-61.15z\" fill=\"#fbbc05\"\/><path d=\"M256 113.86c34.65 0 65.76 11.91 90.22 35.29l67.69-67.69C373.03 43.39 319.61 20 256 20c-92.25 0-172.07 52.89-210.9 130.01l78.85 61.15c18.56-55.78 70.59-97.3 132.05-97.3z\" fill=\"#ea4335\"\/><path d=\"M20 20h472v472H20V20z\"\/><\/g><\/symbol><\/svg><div class=\"grw-row grw-row-m\" data-options='{\"speed\":\"4\",\"autoplay\":true,\"mousestop\":false,\"breakpoints\":\"1200:6\"}'><div class=\"grw-header\"><div class=\"grw-header-inner rpi-flx rpi-row12\"><div class=\"grw-img-wrap\"><img decoding=\"async\" class=\"grw-img\" src=\"https:\/\/lh3.googleusercontent.com\/place-photos\/AL8-SNFNJCnW7TtL6yHZPetuiany7AJTbpIupb6uXkg5up_QTvZOlQz0_L-47jYbZc3XR3PR_fX1gQ6Kd_rbbGQgKPoWWAHIhF0m-peTwoSeUEk18eIsG9mbDGx0xTyhmUXp82KddEYapsg5KXJwW3L1y1Be=s4800-w300-h300\" loading=\"lazy\" alt=\"Cabinet de Psihologie Adela Silaghi place picture\" width=\"50\" height=\"50\" onerror=\"if(this.src!='data:image\/gif;base64,R0lGODlhAQABAIAAAAAAAP\/\/\/yH5BAEAAAAALAAAAAABAAEAAAIBRAA7')this.src='data:image\/gif;base64,R0lGODlhAQABAIAAAAAAAP\/\/\/yH5BAEAAAAALAAAAAABAAEAAAIBRAA7';\" ><\/div><div class=\"rpi-flx rpi-col8\"><div class=\"wp-google-name\"><a href=\"https:\/\/maps.google.com\/?cid=3842961894399340302&#038;g_mp=CiVnb29nbGUubWFwcy5wbGFjZXMudjEuUGxhY2VzLkdldFBsYWNlEAIYBCAA\" target=\"_blank\" rel=\"nofollow noopener\">Cabinet de Psihologie Adela Silaghi<\/a><\/div><span class=\"rpi-stars\" style=\"--rating:5.0\">5.0<\/span><div class=\"wp-google-based\">Based on 10 reviews<\/div><div class=\"wp-google-powered\">powered by <span><span style=\"color:#3c6df0!important\">G<\/span><span style=\"color:#d93025!important\">o<\/span><span style=\"color:#fb8e28!important\">o<\/span><span style=\"color:#3c6df0!important\">g<\/span><span style=\"color:#188038!important\">l<\/span><span style=\"color:#d93025!important\">e<\/span><\/span><\/div><div class=\"wp-google-wr\"><a href=\"https:\/\/search.google.com\/local\/writereview?placeid=ChIJoRcjgwz9sUARDu8IaXvxVDU\" target=\"_blank\" rel=\"nofollow noopener\" onclick=\"return rplg_leave_review_window.call(this)\">review us on<svg height=\"16\" width=\"16\" role=\"none\"><use href=\"#grw-google\"><\/use><\/svg><\/a><\/div><\/div><\/div><\/div><div class=\"rpi-slides-root grw-content\"><div class=\"grw-content-inner\"><div class=\"rpi-slides grw-reviews\" data-count=\"4\" data-offset=\"4\"><div class=\"rpi-slide grw-review\"><div class=\"rpi-flx rpi-col12 grw-review-inner grw-backgnd grw-round\"><div class=\"rpi-flx rpi-row12-center\"><div class=\"grw-img-wrap\"><img decoding=\"async\" class=\"grw-img\" src=\"https:\/\/psihologadelasilaghi.ro\/wp-content\/uploads\/2026\/02\/ChIJoRcjgwz9sUARDu8IaXvxVDU_a7c6dc12a58f93735351821a95f90896.jpg\" loading=\"lazy\" alt=\"Madalina Carstea profile picture\" width=\"50\" height=\"50\" onerror=\"if(this.src!='https:\/\/psihologadelasilaghi.ro\/wp-content\/plugins\/widget-google-reviews\/assets\/img\/guest.png')this.src='https:\/\/psihologadelasilaghi.ro\/wp-content\/plugins\/widget-google-reviews\/assets\/img\/guest.png';\" ><\/div><div class=\"rpi-flx rpi-col6\"><a href=\"https:\/\/www.google.com\/maps\/contrib\/115980939065058462980\/reviews\" class=\"wp-google-name\" target=\"_blank\" rel=\"nofollow noopener\">Madalina Carstea<\/a><div class=\"wp-google-time\" data-time=\"1770995615\">15:13 13 Feb 26<\/div><\/div><\/div><span class=\"rpi-stars\" style=\"--rating:5\"><\/span><div class=\"rpi-flx rpi-col4\"><div class=\"wp-google-feedback grw-scroll\" ><span class=\"wp-google-text\">Am avut o experien\u021b\u0103 foarte bun\u0103 \u00een cadrul \u0219edin\u021belor de psihoterapie desf\u0103\u0219urate la cabinet. \u00cenc\u0103 de la prima \u00eent\u00e2lnire am sim\u021bit empatie, profesionalism \u0219i un real interes pentru nevoile mele.<br \/>Cabinetul ofer\u0103 un spa\u021biu lini\u0219tit, cald \u0219i primitor, care contribuie mult la starea de confort.<br \/>Recomand cu incredere!<\/span><\/div><\/div><svg height=\"16\" width=\"16\" role=\"none\"><use href=\"#grw-google\"\/><\/svg><\/div><\/div><div class=\"rpi-slide grw-review\"><div class=\"rpi-flx rpi-col12 grw-review-inner grw-backgnd grw-round\"><div class=\"rpi-flx rpi-row12-center\"><div class=\"grw-img-wrap\"><img decoding=\"async\" class=\"grw-img\" src=\"https:\/\/psihologadelasilaghi.ro\/wp-content\/uploads\/2026\/02\/ChIJoRcjgwz9sUARDu8IaXvxVDU_21fb10d546b3c690e1748f85931122b0.jpg\" loading=\"lazy\" alt=\"Decebal Hrib profile picture\" width=\"50\" height=\"50\" onerror=\"if(this.src!='https:\/\/psihologadelasilaghi.ro\/wp-content\/plugins\/widget-google-reviews\/assets\/img\/guest.png')this.src='https:\/\/psihologadelasilaghi.ro\/wp-content\/plugins\/widget-google-reviews\/assets\/img\/guest.png';\" ><\/div><div class=\"rpi-flx rpi-col6\"><a href=\"https:\/\/www.google.com\/maps\/contrib\/113522166314255048100\/reviews\" class=\"wp-google-name\" target=\"_blank\" rel=\"nofollow noopener\">Decebal Hrib<\/a><div class=\"wp-google-time\" data-time=\"1770745175\">17:39 10 Feb 26<\/div><\/div><\/div><span class=\"rpi-stars\" style=\"--rating:5\"><\/span><div class=\"rpi-flx rpi-col4\"><div class=\"wp-google-feedback grw-scroll\" ><span class=\"wp-google-text\">Recomand cu \u00eencredere!<\/span><\/div><\/div><svg height=\"16\" width=\"16\" role=\"none\"><use href=\"#grw-google\"\/><\/svg><\/div><\/div><div class=\"rpi-slide grw-review\"><div class=\"rpi-flx rpi-col12 grw-review-inner grw-backgnd grw-round\"><div class=\"rpi-flx rpi-row12-center\"><div class=\"grw-img-wrap\"><img decoding=\"async\" class=\"grw-img\" src=\"https:\/\/psihologadelasilaghi.ro\/wp-content\/uploads\/2026\/02\/ChIJoRcjgwz9sUARDu8IaXvxVDU_558fec6540f917c7582cf1a414b9874f.jpg\" loading=\"lazy\" alt=\"horia marian oncuta profile picture\" width=\"50\" height=\"50\" onerror=\"if(this.src!='https:\/\/psihologadelasilaghi.ro\/wp-content\/plugins\/widget-google-reviews\/assets\/img\/guest.png')this.src='https:\/\/psihologadelasilaghi.ro\/wp-content\/plugins\/widget-google-reviews\/assets\/img\/guest.png';\" ><\/div><div class=\"rpi-flx rpi-col6\"><a href=\"https:\/\/www.google.com\/maps\/contrib\/106595315682314359811\/reviews\" class=\"wp-google-name\" target=\"_blank\" rel=\"nofollow noopener\">horia marian oncuta<\/a><div class=\"wp-google-time\" data-time=\"1770732197\">14:03 10 Feb 26<\/div><\/div><\/div><span class=\"rpi-stars\" style=\"--rating:5\"><\/span><div class=\"rpi-flx rpi-col4\"><div class=\"wp-google-feedback grw-scroll\" ><span class=\"wp-google-text\">O experienta pozitiva, comunicare clara si atmosfera calma<\/span><\/div><\/div><svg height=\"16\" width=\"16\" role=\"none\"><use href=\"#grw-google\"\/><\/svg><\/div><\/div><div class=\"rpi-slide grw-review\"><div class=\"rpi-flx rpi-col12 grw-review-inner grw-backgnd grw-round\"><div class=\"rpi-flx rpi-row12-center\"><div class=\"grw-img-wrap\"><img decoding=\"async\" class=\"grw-img\" src=\"https:\/\/psihologadelasilaghi.ro\/wp-content\/uploads\/2026\/02\/ChIJoRcjgwz9sUARDu8IaXvxVDU_862b7d821e4bd4cd0d907d919cc18d00.jpg\" loading=\"lazy\" alt=\"Adela Silaghi profile picture\" width=\"50\" height=\"50\" onerror=\"if(this.src!='https:\/\/psihologadelasilaghi.ro\/wp-content\/plugins\/widget-google-reviews\/assets\/img\/guest.png')this.src='https:\/\/psihologadelasilaghi.ro\/wp-content\/plugins\/widget-google-reviews\/assets\/img\/guest.png';\" ><\/div><div class=\"rpi-flx rpi-col6\"><a href=\"https:\/\/www.google.com\/maps\/contrib\/102414587554481382392\/reviews\" class=\"wp-google-name\" target=\"_blank\" rel=\"nofollow noopener\">Adela Silaghi<\/a><div class=\"wp-google-time\" data-time=\"1770730060\">13:27 10 Feb 26<\/div><\/div><\/div><span class=\"rpi-stars\" style=\"--rating:5\"><\/span><div class=\"rpi-flx rpi-col4\"><div class=\"wp-google-feedback grw-scroll\" ><\/div><\/div><svg height=\"16\" width=\"16\" role=\"none\"><use href=\"#grw-google\"\/><\/svg><\/div><\/div><\/div><\/div><\/div><\/div><script>(function(p){if(!p)return;let w=p.offsetWidth,m=function(a,b){return Math.min(a,b)===a};p.querySelector('.grw-row').classList.replace('grw-row-m','grw-row-'+(m(w,510)?'xs':m(w,750)?'x':m(w,1100)?'s':m(w,1450)?'m':m(w,1800)?'l':'xl'))})(document.currentScript?.parentElement)<\/script><\/div>\n\t\t<\/div>\n\t<\/div>\n\n\t<div class=\"wpb_text_column wpb_content_element vc_custom_1739750143022\" >\n\t\t<div class=\"wpb_wrapper\">\n\t\t\t<blockquote>\n<p>Why should you contact our psychology office?<\/p>\n<\/blockquote>\n\n\t\t<\/div>\n\t<\/div>\n\n\t<div class=\"wpb_text_column wpb_content_element vc_custom_1770396048785\" >\n\t\t<div class=\"wpb_wrapper\">\n\t\t\t<ul style=\"text-align: left;\">\n<li data-start=\"68\" data-end=\"188\"><strong data-start=\"70\" data-end=\"94\">Personalized support<\/strong> \u2013 Each person is unique, and our approach is tailored to your specific needs.<\/li>\n<li data-start=\"189\" data-end=\"295\"><strong data-start=\"191\" data-end=\"225\">Privacy and security<\/strong> \u2013 A space where you can express yourself freely, without fear or judgment.<\/li>\n<li data-start=\"296\" data-end=\"414\"><strong data-start=\"298\" data-end=\"330\">Effective and proven methods<\/strong> \u2013 We use modern psychological techniques to help you overcome challenges.<\/li>\n<li data-start=\"415\" data-end=\"551\"><strong data-start=\"417\" data-end=\"452\">Evolution and emotional balance<\/strong> \u2013 We offer you guidance to find your inner peace and build a more harmonious life.<\/li>\n<li data-start=\"552\" data-end=\"684\"><strong data-start=\"554\" data-end=\"588\">Support in various difficulties<\/strong> \u2013 From anxiety, depression and stress, to personal development and relationship management.<\/li>\n<\/ul>\n\n\t\t<\/div>\n\t<\/div>\n<h2 style=\"text-align: center\" class=\"vc_custom_heading vc_do_custom_heading vc_custom_1739488692709\" >Schedule a session and take the first step towards a more balanced life!<\/h2><\/div><\/div><\/div><\/div><\/div><div class=\"container\" ><div class=\"vc_row wpb_row vc_row-fluid margin-bottom-90\"><div class=\"col-md-4 col-sm-12 wpb_column vc_column_container vc_col-sm-4\"><div class=\"vc_column-inner\"><div class=\"wpb_wrapper\">\t\t\t<div\n\t\t\t\tclass=\"darna-icon-box style4\" >\n\t\t\t\t<a class=\"ibox-icon\" title=\"\"\n\t\t\t\t   target=\"_self\" href=\"#\">\n\t\t\t\t\t\t\t\t\t\t\t<i class=\"fa fa-envelope\"><\/i>\n\t\t\t\t\t\t\t\t\t<\/a>\n\t\t\t\t\t\t\t\t\t<h3><a title=\"\" target=\"_self\"\n\t\t\t\t\t       href=\"#\">e-mail<\/a><\/h3>\n\t\t\t\t\t\t\t\t\t<p>psihologadelasilaghi@gmail.com<\/p>\n\t\t\t\t\t\t\t<\/div>\n\t\t\t<\/div><\/div><\/div><div class=\"col-md-4 col-sm-12 wpb_column vc_column_container vc_col-sm-4\"><div class=\"vc_column-inner\"><div class=\"wpb_wrapper\">\t\t\t<div\n\t\t\t\tclass=\"darna-icon-box style4\" >\n\t\t\t\t<a class=\"ibox-icon\" title=\"\"\n\t\t\t\t   target=\"_self\" href=\"#\">\n\t\t\t\t\t\t\t\t\t\t\t<i class=\"fa fa-road\"><\/i>\n\t\t\t\t\t\t\t\t\t<\/a>\n\t\t\t\t\t\t\t\t\t<h3><a title=\"\" target=\"_self\"\n\t\t\t\t\t       href=\"#\">Location<\/a><\/h3>\n\t\t\t\t\t\t\t\t\t<p>Victor Brauner No. 30 Bl. L1B 9th floor apartment B9.7, Sector 3, Bucharest<\/p>\n\t\t\t\t\t\t\t<\/div>\n\t\t\t<\/div><\/div><\/div><div class=\"wpb_column vc_column_container vc_col-sm-4\"><div class=\"vc_column-inner\"><div class=\"wpb_wrapper\">\t\t\t<div\n\t\t\t\tclass=\"darna-icon-box style4\" >\n\t\t\t\t<a class=\"ibox-icon\" title=\"\"\n\t\t\t\t   target=\"_self\" href=\"#\">\n\t\t\t\t\t\t\t\t\t\t\t<i class=\"fa fa-phone\"><\/i>\n\t\t\t\t\t\t\t\t\t<\/a>\n\t\t\t\t\t\t\t\t\t<h3><a title=\"\" target=\"_self\"\n\t\t\t\t\t       href=\"#\">Phone<\/a><\/h3>\n\t\t\t\t\t\t\t\t\t<p>0732 123 352<\/p>\n\t\t\t\t\t\t\t<\/div>\n\t\t\t<\/div><\/div><\/div><\/div><\/div><div class=\"container\" ><div class=\"vc_row wpb_row vc_row-fluid margin-bottom-100\"><div class=\"wpb_column vc_column_container vc_col-sm-12\"><div class=\"vc_column-inner\"><div class=\"wpb_wrapper\">\n\t<div class=\"wpb_raw_code wpb_raw_html wpb_content_element\" >\n\t\t<div class=\"wpb_wrapper\">\n\t\t\t<div style=\"max-width:1200px; margin:0 auto;\">\n  <iframe \n    src=\"https:\/\/www.google.com\/maps\/embed?pb=!1m18!1m12!1m3!1d692.7209768495132!2d26.195723846404196!3d44.409774387178345!2m3!1f0!2f0!3f0!3m2!1i1024!2i768!4f13.1!3m3!1m2!1s0x40b1fd0c832317a1%3A0x3554f17b6908ef0e!2sCabinet%20de%20Psihologie%20Adela%20Silaghi!5e1!3m2!1sen!2sro!4v1770391723233!5m2!1sen!2sro\"\n    width=\"100%\"\n    height=\"450\"\n    style=\"border:0;\"\n    allowfullscreen=\"\"\n    loading=\"lazy\"\n    referrerpolicy=\"no-referrer-when-downgrade\">\n  <\/iframe>\n<\/div>\n\n\t\t<\/div>\n\t<\/div>\n<\/div><\/div><\/div><\/div><\/div>\n<\/div>","protected":false},"excerpt":{"rendered":"Cabinet de Psihologie Adela Silaghi5.0Based on 10 reviewspowered by Googlereview us onMadalina Carstea15:13 13 Feb 26Am avut o experien\u021b\u0103 foarte bun\u0103 \u00een cadrul \u0219edin\u021belor de psihoterapie desf\u0103\u0219urate la cabinet. \u00cenc\u0103 de la prima \u00eent\u00e2lnire am sim\u021bit empatie, profesionalism \u0219i un real interes pentru nevoile mele.Cabinetul ofer\u0103 un spa\u021biu lini\u0219tit, cald \u0219i primitor, care contribuie mult [...]","protected":false},"author":1,"featured_media":0,"parent":0,"menu_order":0,"comment_status":"closed","ping_status":"closed","template":"","meta":{"footnotes":""},"class_list":["post-117","page","type-page","status-publish","hentry"],"yoast_head":"<!-- This site is optimized with the Yoast SEO plugin v26.9 - https:\/\/yoast.com\/product\/yoast-seo-wordpress\/ -->\n<title>Contact - Cabinet Psihologie Sector 3<\/title>\n<meta name=\"description\" content=\"Contact cabinet de psihologie. Adela Silaghi-Psihoterapeut Integrativ si Psiholog clinician: Telefon: 0732 123 352\" \/>\n<meta name=\"robots\" content=\"index, follow, max-snippet:-1, max-image-preview:large, max-video-preview:-1\" \/>\n<link rel=\"canonical\" href=\"https:\/\/psihologadelasilaghi.ro\/en\/contact-cabinet-de-psihologie\/\" \/>\n<meta property=\"og:locale\" content=\"en_US\" \/>\n<meta property=\"og:type\" content=\"article\" \/>\n<meta property=\"og:title\" content=\"Contact - Cabinet Psihologie Sector 3\" \/>\n<meta property=\"og:description\" content=\"Contact cabinet de psihologie. Adela Silaghi-Psihoterapeut Integrativ si Psiholog clinician: Telefon: 0732 123 352\" \/>\n<meta property=\"og:url\" content=\"https:\/\/psihologadelasilaghi.ro\/en\/contact-cabinet-de-psihologie\/\" \/>\n<meta property=\"og:site_name\" content=\"Cabinet Psihologie Sector 3\" \/>\n<meta property=\"article:publisher\" content=\"https:\/\/www.facebook.com\/adela.netineti\" \/>\n<meta property=\"article:modified_time\" content=\"2026-02-18T13:28:52+00:00\" \/>\n<meta name=\"twitter:card\" content=\"summary_large_image\" \/>\n<meta name=\"twitter:label1\" content=\"Est. reading time\" \/>\n\t<meta name=\"twitter:data1\" content=\"1 minute\" \/>\n<script type=\"application\/ld+json\" class=\"yoast-schema-graph\">{\"@context\":\"https:\/\/schema.org\",\"@graph\":[{\"@type\":\"WebPage\",\"@id\":\"https:\/\/psihologadelasilaghi.ro\/contact-cabinet-de-psihologie\/\",\"url\":\"https:\/\/psihologadelasilaghi.ro\/contact-cabinet-de-psihologie\/\",\"name\":\"Contact - Cabinet Psihologie Sector 3\",\"isPartOf\":{\"@id\":\"https:\/\/psihologadelasilaghi.ro\/#website\"},\"datePublished\":\"2015-07-18T09:24:53+00:00\",\"dateModified\":\"2026-02-18T13:28:52+00:00\",\"description\":\"Contact cabinet de psihologie. Adela Silaghi-Psihoterapeut Integrativ si Psiholog clinician: Telefon: 0732 123 352\",\"breadcrumb\":{\"@id\":\"https:\/\/psihologadelasilaghi.ro\/contact-cabinet-de-psihologie\/#breadcrumb\"},\"inLanguage\":\"en-US\",\"potentialAction\":[{\"@type\":\"ReadAction\",\"target\":[\"https:\/\/psihologadelasilaghi.ro\/contact-cabinet-de-psihologie\/\"]}]},{\"@type\":\"BreadcrumbList\",\"@id\":\"https:\/\/psihologadelasilaghi.ro\/contact-cabinet-de-psihologie\/#breadcrumb\",\"itemListElement\":[{\"@type\":\"ListItem\",\"position\":1,\"name\":\"Prima pagin\u0103\",\"item\":\"https:\/\/psihologadelasilaghi.ro\/\"},{\"@type\":\"ListItem\",\"position\":2,\"name\":\"Contact\"}]},{\"@type\":\"WebSite\",\"@id\":\"https:\/\/psihologadelasilaghi.ro\/#website\",\"url\":\"https:\/\/psihologadelasilaghi.ro\/\",\"name\":\"Cabinet Psihologie\",\"description\":\"Psihoterapeut Integrativ si Psiholog clinician\",\"publisher\":{\"@id\":\"https:\/\/psihologadelasilaghi.ro\/#\/schema\/person\/8052c42355ae2dce53781d42c11938fe\"},\"potentialAction\":[{\"@type\":\"SearchAction\",\"target\":{\"@type\":\"EntryPoint\",\"urlTemplate\":\"https:\/\/psihologadelasilaghi.ro\/?s={search_term_string}\"},\"query-input\":{\"@type\":\"PropertyValueSpecification\",\"valueRequired\":true,\"valueName\":\"search_term_string\"}}],\"inLanguage\":\"en-US\"},{\"@type\":[\"Person\",\"Organization\"],\"@id\":\"https:\/\/psihologadelasilaghi.ro\/#\/schema\/person\/8052c42355ae2dce53781d42c11938fe\",\"name\":\"Adela Silaghi\",\"image\":{\"@type\":\"ImageObject\",\"inLanguage\":\"en-US\",\"@id\":\"https:\/\/psihologadelasilaghi.ro\/#\/schema\/person\/image\/\",\"url\":\"https:\/\/psihologadelasilaghi.ro\/wp-content\/uploads\/2025\/02\/logo-site.png\",\"contentUrl\":\"https:\/\/psihologadelasilaghi.ro\/wp-content\/uploads\/2025\/02\/logo-site.png\",\"width\":1024,\"height\":1024,\"caption\":\"Adela Silaghi\"},\"logo\":{\"@id\":\"https:\/\/psihologadelasilaghi.ro\/#\/schema\/person\/image\/\"},\"description\":\"Sunt Adela, eu cea care de mic copil am avut o curiozitate aparte pentru lumea din interiorul meu, nev\u0103zut\u0103 si misterioas\u0103, astfel \u00eenc\u00e2t am devenit fascinat\u0103 de psihicul uman, de complexitatea sa \u0219i de tot acel univers interior, at\u00e2t de profund si surprinz\u0103tor.\",\"sameAs\":[\"https:\/\/psihologadelasilaghi.ro\",\"https:\/\/www.facebook.com\/adela.netineti\"]}]}<\/script>\n<!-- \/ Yoast SEO plugin. -->","yoast_head_json":{"title":"Contact - Cabinet Psihologie Sector 3","description":"Contact cabinet de psihologie. Adela Silaghi-Psihoterapeut Integrativ si Psiholog clinician: Telefon: 0732 123 352","robots":{"index":"index","follow":"follow","max-snippet":"max-snippet:-1","max-image-preview":"max-image-preview:large","max-video-preview":"max-video-preview:-1"},"canonical":"https:\/\/psihologadelasilaghi.ro\/en\/contact-cabinet-de-psihologie\/","og_locale":"en_US","og_type":"article","og_title":"Contact - Cabinet Psihologie Sector 3","og_description":"Contact cabinet de psihologie. Adela Silaghi-Psihoterapeut Integrativ si Psiholog clinician: Telefon: 0732 123 352","og_url":"https:\/\/psihologadelasilaghi.ro\/en\/contact-cabinet-de-psihologie\/","og_site_name":"Cabinet Psihologie Sector 3","article_publisher":"https:\/\/www.facebook.com\/adela.netineti","article_modified_time":"2026-02-18T13:28:52+00:00","twitter_card":"summary_large_image","twitter_misc":{"Est. reading time":"1 minute"},"schema":{"@context":"https:\/\/schema.org","@graph":[{"@type":"WebPage","@id":"https:\/\/psihologadelasilaghi.ro\/contact-cabinet-de-psihologie\/","url":"https:\/\/psihologadelasilaghi.ro\/contact-cabinet-de-psihologie\/","name":"Contact - Cabinet Psihologie Sector 3","isPartOf":{"@id":"https:\/\/psihologadelasilaghi.ro\/#website"},"datePublished":"2015-07-18T09:24:53+00:00","dateModified":"2026-02-18T13:28:52+00:00","description":"Contact cabinet de psihologie. Adela Silaghi-Psihoterapeut Integrativ si Psiholog clinician: Telefon: 0732 123 352","breadcrumb":{"@id":"https:\/\/psihologadelasilaghi.ro\/contact-cabinet-de-psihologie\/#breadcrumb"},"inLanguage":"en-US","potentialAction":[{"@type":"ReadAction","target":["https:\/\/psihologadelasilaghi.ro\/contact-cabinet-de-psihologie\/"]}]},{"@type":"BreadcrumbList","@id":"https:\/\/psihologadelasilaghi.ro\/contact-cabinet-de-psihologie\/#breadcrumb","itemListElement":[{"@type":"ListItem","position":1,"name":"Prima pagin\u0103","item":"https:\/\/psihologadelasilaghi.ro\/"},{"@type":"ListItem","position":2,"name":"Contact"}]},{"@type":"WebSite","@id":"https:\/\/psihologadelasilaghi.ro\/#website","url":"https:\/\/psihologadelasilaghi.ro\/","name":"Cabinet Psihologie","description":"Psihoterapeut Integrativ si Psiholog clinician","publisher":{"@id":"https:\/\/psihologadelasilaghi.ro\/#\/schema\/person\/8052c42355ae2dce53781d42c11938fe"},"potentialAction":[{"@type":"SearchAction","target":{"@type":"EntryPoint","urlTemplate":"https:\/\/psihologadelasilaghi.ro\/?s={search_term_string}"},"query-input":{"@type":"PropertyValueSpecification","valueRequired":true,"valueName":"search_term_string"}}],"inLanguage":"en-US"},{"@type":["Person","Organization"],"@id":"https:\/\/psihologadelasilaghi.ro\/#\/schema\/person\/8052c42355ae2dce53781d42c11938fe","name":"Adela Silaghi","image":{"@type":"ImageObject","inLanguage":"en-US","@id":"https:\/\/psihologadelasilaghi.ro\/#\/schema\/person\/image\/","url":"https:\/\/psihologadelasilaghi.ro\/wp-content\/uploads\/2025\/02\/logo-site.png","contentUrl":"https:\/\/psihologadelasilaghi.ro\/wp-content\/uploads\/2025\/02\/logo-site.png","width":1024,"height":1024,"caption":"Adela Silaghi"},"logo":{"@id":"https:\/\/psihologadelasilaghi.ro\/#\/schema\/person\/image\/"},"description":"Sunt Adela, eu cea care de mic copil am avut o curiozitate aparte pentru lumea din interiorul meu, nev\u0103zut\u0103 si misterioas\u0103, astfel \u00eenc\u00e2t am devenit fascinat\u0103 de psihicul uman, de complexitatea sa \u0219i de tot acel univers interior, at\u00e2t de profund si surprinz\u0103tor.","sameAs":["https:\/\/psihologadelasilaghi.ro","https:\/\/www.facebook.com\/adela.netineti"]}]}},"_links":{"self":[{"href":"https:\/\/psihologadelasilaghi.ro\/en\/wp-json\/wp\/v2\/pages\/117","targetHints":{"allow":["GET"]}}],"collection":[{"href":"https:\/\/psihologadelasilaghi.ro\/en\/wp-json\/wp\/v2\/pages"}],"about":[{"href":"https:\/\/psihologadelasilaghi.ro\/en\/wp-json\/wp\/v2\/types\/page"}],"author":[{"embeddable":true,"href":"https:\/\/psihologadelasilaghi.ro\/en\/wp-json\/wp\/v2\/users\/1"}],"replies":[{"embeddable":true,"href":"https:\/\/psihologadelasilaghi.ro\/en\/wp-json\/wp\/v2\/comments?post=117"}],"version-history":[{"count":30,"href":"https:\/\/psihologadelasilaghi.ro\/en\/wp-json\/wp\/v2\/pages\/117\/revisions"}],"predecessor-version":[{"id":1530,"href":"https:\/\/psihologadelasilaghi.ro\/en\/wp-json\/wp\/v2\/pages\/117\/revisions\/1530"}],"wp:attachment":[{"href":"https:\/\/psihologadelasilaghi.ro\/en\/wp-json\/wp\/v2\/media?parent=117"}],"curies":[{"name":"wp","href":"https:\/\/api.w.org\/{rel}","templated":true}]}}